{"id":6250,"date":"2024-08-12T18:26:02","date_gmt":"2024-08-12T16:26:02","guid":{"rendered":"https:\/\/pianosanders.com\/?post_type=product&#038;p=6250"},"modified":"2026-03-29T23:10:58","modified_gmt":"2026-03-29T21:10:58","slug":"anders-hu-110","status":"publish","type":"product","link":"https:\/\/pianosanders.com\/?product=anders-hu-110","title":{"rendered":"ANDERS HU-110"},"content":{"rendered":"","protected":false},"excerpt":{"rendered":"<p><em>Elegancia sencilla y rendimiento robusto.<\/em><\/p>\n<p>Una caja de resonancia de abeto macizo, cuerdas y clavijas alemanas y piezas cuidadosamente seleccionadas, este instrumento de estilo cl\u00e1sico produce un tono rico y claro, con unas cualidades de interpretaci\u00f3n que rivalizan con pianos verticales mucho m\u00e1s grandes. Teclado y m\u00e1quina de acci\u00f3n s\u00f3lida y muy resistente al uso y al tiempo.<\/p>\n","protected":false},"featured_media":6226,"template":"","meta":[],"pwb-brand":[83],"product_cat":[76],"product_tag":[],"class_list":{"0":"post-6250","1":"product","2":"type-product","3":"status-publish","4":"has-post-thumbnail","6":"pwb-brand-anders","7":"product_cat-verticales","9":"first","10":"instock","11":"shipping-taxable","12":"product-type-simple"},"aioseo_notices":[],"brands":[{"id":83,"name":"ANDERS","slug":"anders"}],"_links":{"self":[{"href":"https:\/\/pianosanders.com\/index.php?rest_route=\/wp\/v2\/product\/6250"}],"collection":[{"href":"https:\/\/pianosanders.com\/index.php?rest_route=\/wp\/v2\/product"}],"about":[{"href":"https:\/\/pianosanders.com\/index.php?rest_route=\/wp\/v2\/types\/product"}],"wp:featuredmedia":[{"embeddable":true,"href":"https:\/\/pianosanders.com\/index.php?rest_route=\/wp\/v2\/media\/6226"}],"wp:attachment":[{"href":"https:\/\/pianosanders.com\/index.php?rest_route=%2Fwp%2Fv2%2Fmedia&parent=6250"}],"wp:term":[{"taxonomy":"pwb-brand","embeddable":true,"href":"https:\/\/pianosanders.com\/index.php?rest_route=%2Fwp%2Fv2%2Fpwb-brand&post=6250"},{"taxonomy":"product_cat","embeddable":true,"href":"https:\/\/pianosanders.com\/index.php?rest_route=%2Fwp%2Fv2%2Fproduct_cat&post=6250"},{"taxonomy":"product_tag","embeddable":true,"href":"https:\/\/pianosanders.com\/index.php?rest_route=%2Fwp%2Fv2%2Fproduct_tag&post=6250"}],"curies":[{"name":"wp","href":"https:\/\/api.w.org\/{rel}","templated":true}]}}