{"id":6247,"date":"2024-08-12T18:21:28","date_gmt":"2024-08-12T16:21:28","guid":{"rendered":"https:\/\/pianosanders.com\/?post_type=product&#038;p=6247"},"modified":"2026-03-29T23:10:29","modified_gmt":"2026-03-29T21:10:29","slug":"kawai-k-300","status":"publish","type":"product","link":"https:\/\/pianosanders.com\/?product=kawai-k-300","title":{"rendered":"KAWAI K-300"},"content":{"rendered":"[vc_row type=\u00bbin_container\u00bb full_screen_row_position=\u00bbmiddle\u00bb column_margin=\u00bbdefault\u00bb column_direction=\u00bbdefault\u00bb column_direction_tablet=\u00bbdefault\u00bb column_direction_phone=\u00bbdefault\u00bb scene_position=\u00bbcenter\u00bb text_color=\u00bbdark\u00bb text_align=\u00bbleft\u00bb row_border_radius=\u00bbnone\u00bb row_border_radius_applies=\u00bbbg\u00bb overflow=\u00bbvisible\u00bb overlay_strength=\u00bb0.3&#8243; gradient_direction=\u00bbleft_to_right\u00bb shape_divider_position=\u00bbbottom\u00bb bg_image_animation=\u00bbnone\u00bb][vc_column column_padding=\u00bbno-extra-padding\u00bb column_padding_tablet=\u00bbinherit\u00bb column_padding_phone=\u00bbinherit\u00bb column_padding_position=\u00bball\u00bb column_element_direction_desktop=\u00bbdefault\u00bb column_element_spacing=\u00bbdefault\u00bb desktop_text_alignment=\u00bbdefault\u00bb tablet_text_alignment=\u00bbdefault\u00bb phone_text_alignment=\u00bbdefault\u00bb background_color_opacity=\u00bb1&#8243; background_hover_color_opacity=\u00bb1&#8243; column_backdrop_filter=\u00bbnone\u00bb column_shadow=\u00bbnone\u00bb column_border_radius=\u00bbnone\u00bb column_link_target=\u00bb_self\u00bb column_position=\u00bbdefault\u00bb gradient_direction=\u00bbleft_to_right\u00bb overlay_strength=\u00bb0.3&#8243; width=\u00bb1\/2&#8243; tablet_width_inherit=\u00bbdefault\u00bb animation_type=\u00bbdefault\u00bb bg_image_animation=\u00bbnone\u00bb border_type=\u00bbsimple\u00bb column_border_width=\u00bbnone\u00bb column_border_style=\u00bbsolid\u00bb][vc_column_text]<strong>Millennium III Acci\u00f3n Vertical<br \/>\n<\/strong>Millennium III Upright Action cuenta con componentes hechos de ABS-Carbono, un material compuesto creado por la infusi\u00f3n de fibra de carbono en nuestro famoso ABS Styran. El ABS-Carbono es incre\u00edblemente robusto y r\u00edgido, lo que permite la creaci\u00f3n de piezas de acci\u00f3n que son m\u00e1s ligeras sin sacrificar la fuerza. El resultado es una acci\u00f3n m\u00e1s fuerte y r\u00e1pida que ofrece m\u00e1s potencia, mejor control y mayor estabilidad que las acciones convencionales totalmente de madera.<\/p>\n<p><strong>Soportes de acci\u00f3n de Aluminio fundido a presi\u00f3n<\/strong><br \/>\nFabricadas a partir de un molde personalizado, las piezas fundidas a presi\u00f3n se forman exactamente igual cada vez. Los pianos de la serie K cuentan con tres soportes de acci\u00f3n de aluminio fundido a presi\u00f3n que proporcionan una medida adicional de resistencia, uniformidad y estabilidad para un toque preciso a lo largo del tiempo.<\/p>\n<p><strong>Caja de resonancia c\u00f3nica de abeto macizo<\/strong><br \/>\nLa caja de resonancia es el coraz\u00f3n de un piano. Su prop\u00f3sito es transformar las vibraciones de las cuerdas del piano en un tono rico y resonante. Kawai utiliza \u00fanicamente picea maciza de grano recto, aserrada en cuartos, para las cajas de resonancia de la Serie K. Cada caja de resonancia est\u00e1 estrat\u00e9gicamente afilada para maximizar su capacidad de producci\u00f3n de tono. S\u00f3lo aquellas que cumplen o superan nuestros exigentes est\u00e1ndares de calidad son seleccionadas para su uso en nuestros pianos verticales profesionales.[\/vc_column_text][\/vc_column][vc_column column_padding=\u00bbno-extra-padding\u00bb column_padding_tablet=\u00bbinherit\u00bb column_padding_phone=\u00bbinherit\u00bb column_padding_position=\u00bball\u00bb column_element_direction_desktop=\u00bbdefault\u00bb column_element_spacing=\u00bbdefault\u00bb desktop_text_alignment=\u00bbdefault\u00bb tablet_text_alignment=\u00bbdefault\u00bb phone_text_alignment=\u00bbdefault\u00bb background_color_opacity=\u00bb1&#8243; background_hover_color_opacity=\u00bb1&#8243; column_backdrop_filter=\u00bbnone\u00bb column_shadow=\u00bbnone\u00bb column_border_radius=\u00bbnone\u00bb column_link_target=\u00bb_self\u00bb column_position=\u00bbdefault\u00bb gradient_direction=\u00bbleft_to_right\u00bb overlay_strength=\u00bb0.3&#8243; width=\u00bb1\/2&#8243; tablet_width_inherit=\u00bbdefault\u00bb animation_type=\u00bbdefault\u00bb bg_image_animation=\u00bbnone\u00bb border_type=\u00bbsimple\u00bb column_border_width=\u00bbnone\u00bb column_border_style=\u00bbsolid\u00bb][image_with_animation image_url=\u00bb6350&#8243; image_size=\u00bbfull\u00bb animation_type=\u00bbentrance\u00bb animation=\u00bbNone\u00bb animation_movement_type=\u00bbtransform_y\u00bb hover_animation=\u00bbnone\u00bb alignment=\u00bb\u00bb border_radius=\u00bbnone\u00bb box_shadow=\u00bbnone\u00bb image_loading=\u00bbdefault\u00bb max_width=\u00bb100%\u00bb max_width_mobile=\u00bbdefault\u00bb][\/vc_column][\/vc_row]\n","protected":false},"excerpt":{"rendered":"<p>El modelo K-300 se basa en el \u00e9xito de su galardonado predecesor, del K-3, que fue nombrado \u00abPiano Ac\u00fastico del A\u00f1o\u00bb por la revista MMR durante cuatro a\u00f1os consecutivos. El K-300 ampl\u00eda con orgullo este distinguido legado.<\/p>\n<p><strong>Es un piano importado directamente de la reconocida f\u00e1brica en Hamamatsu, Jap\u00f3n.<\/strong><\/p>\n","protected":false},"featured_media":6232,"template":"","meta":[],"pwb-brand":[84],"product_cat":[76],"product_tag":[],"class_list":{"0":"post-6247","1":"product","2":"type-product","3":"status-publish","4":"has-post-thumbnail","6":"pwb-brand-kawai","7":"product_cat-verticales","9":"first","10":"instock","11":"shipping-taxable","12":"product-type-simple"},"aioseo_notices":[],"brands":[{"id":84,"name":"KAWAI","slug":"kawai"}],"_links":{"self":[{"href":"https:\/\/pianosanders.com\/index.php?rest_route=\/wp\/v2\/product\/6247"}],"collection":[{"href":"https:\/\/pianosanders.com\/index.php?rest_route=\/wp\/v2\/product"}],"about":[{"href":"https:\/\/pianosanders.com\/index.php?rest_route=\/wp\/v2\/types\/product"}],"wp:featuredmedia":[{"embeddable":true,"href":"https:\/\/pianosanders.com\/index.php?rest_route=\/wp\/v2\/media\/6232"}],"wp:attachment":[{"href":"https:\/\/pianosanders.com\/index.php?rest_route=%2Fwp%2Fv2%2Fmedia&parent=6247"}],"wp:term":[{"taxonomy":"pwb-brand","embeddable":true,"href":"https:\/\/pianosanders.com\/index.php?rest_route=%2Fwp%2Fv2%2Fpwb-brand&post=6247"},{"taxonomy":"product_cat","embeddable":true,"href":"https:\/\/pianosanders.com\/index.php?rest_route=%2Fwp%2Fv2%2Fproduct_cat&post=6247"},{"taxonomy":"product_tag","embeddable":true,"href":"https:\/\/pianosanders.com\/index.php?rest_route=%2Fwp%2Fv2%2Fproduct_tag&post=6247"}],"curies":[{"name":"wp","href":"https:\/\/api.w.org\/{rel}","templated":true}]}}