{"id":6234,"date":"2024-08-12T06:42:54","date_gmt":"2024-08-12T04:42:54","guid":{"rendered":"https:\/\/pianosanders.com\/?post_type=product&#038;p=6234"},"modified":"2026-03-29T23:09:56","modified_gmt":"2026-03-29T21:09:56","slug":"irmler-sp-118","status":"publish","type":"product","link":"https:\/\/pianosanders.com\/?product=irmler-sp-118","title":{"rendered":"Irmler SP-118"},"content":{"rendered":"[vc_row type=\u00bbin_container\u00bb full_screen_row_position=\u00bbmiddle\u00bb column_margin=\u00bbdefault\u00bb column_direction=\u00bbdefault\u00bb column_direction_tablet=\u00bbdefault\u00bb column_direction_phone=\u00bbdefault\u00bb scene_position=\u00bbcenter\u00bb text_color=\u00bbdark\u00bb text_align=\u00bbleft\u00bb row_border_radius=\u00bbnone\u00bb row_border_radius_applies=\u00bbbg\u00bb overflow=\u00bbvisible\u00bb overlay_strength=\u00bb0.3&#8243; gradient_direction=\u00bbleft_to_right\u00bb shape_divider_position=\u00bbbottom\u00bb bg_image_animation=\u00bbnone\u00bb][vc_column column_padding=\u00bbno-extra-padding\u00bb column_padding_tablet=\u00bbinherit\u00bb column_padding_phone=\u00bbinherit\u00bb column_padding_position=\u00bball\u00bb column_element_direction_desktop=\u00bbdefault\u00bb column_element_spacing=\u00bbdefault\u00bb desktop_text_alignment=\u00bbdefault\u00bb tablet_text_alignment=\u00bbdefault\u00bb phone_text_alignment=\u00bbdefault\u00bb background_color_opacity=\u00bb1&#8243; background_hover_color_opacity=\u00bb1&#8243; column_backdrop_filter=\u00bbnone\u00bb column_shadow=\u00bbnone\u00bb column_border_radius=\u00bbnone\u00bb column_link_target=\u00bb_self\u00bb column_position=\u00bbdefault\u00bb gradient_direction=\u00bbleft_to_right\u00bb overlay_strength=\u00bb0.3&#8243; width=\u00bb1\/1&#8243; tablet_width_inherit=\u00bbdefault\u00bb animation_type=\u00bbdefault\u00bb bg_image_animation=\u00bbnone\u00bb border_type=\u00bbsimple\u00bb column_border_width=\u00bbnone\u00bb column_border_style=\u00bbsolid\u00bb][vc_column_text css=\u00bb\u00bb text_direction=\u00bbdefault\u00bb]El piano vertical Irmler P118 es un piano de gran valor que produce un tono c\u00e1lido y resonante. En un mueble tradicional con patas de con un estilo elegante. Con una altura de 118 cm, es m\u00e1s grande que sus competidores de precio similar, lo que se traduce en un tono rico y pleno. Ensamblado con materiales cuidadosamente seleccionados, la SP118 se prepara y monta en la f\u00e1brica Bl\u00fcthner de Alemania para garantizar una excelente fiabilidad, as\u00ed como un sonido y un tacto de la m\u00e1xima calidad.[\/vc_column_text][\/vc_column][\/vc_row]\n","protected":false},"excerpt":{"rendered":"<p>Los instrumentos de la l\u00ednea Irmler SP \u00abSupreme\u00bb impresionan por la amplitud de su paleta tonal y la sutil sofisticaci\u00f3n de su caja. La l\u00ednea SP ofrece pianos verticales artesanales, fabricados con materiales selectos y una magn\u00edfica construcci\u00f3n\u00a0realizada\u00a0por la f\u00e1brica Bl\u00fcthner en Leipzig, Alemania.<\/p>\n<p>Anders es representante de Bl\u00fcthner\u00a0en el Per\u00fa e importa los modelos de Irmler directamente de Leipzig.<\/p>\n<p>Acabado en \u00e9bano pulido con detalles cromados.<\/p>\n","protected":false},"featured_media":6230,"template":"","meta":[],"pwb-brand":[85],"product_cat":[76],"product_tag":[],"class_list":{"0":"post-6234","1":"product","2":"type-product","3":"status-publish","4":"has-post-thumbnail","6":"pwb-brand-irmler","7":"product_cat-verticales","9":"first","10":"instock","11":"shipping-taxable","12":"product-type-simple"},"aioseo_notices":[],"brands":[{"id":85,"name":"IRMLER","slug":"irmler"}],"_links":{"self":[{"href":"https:\/\/pianosanders.com\/index.php?rest_route=\/wp\/v2\/product\/6234"}],"collection":[{"href":"https:\/\/pianosanders.com\/index.php?rest_route=\/wp\/v2\/product"}],"about":[{"href":"https:\/\/pianosanders.com\/index.php?rest_route=\/wp\/v2\/types\/product"}],"wp:featuredmedia":[{"embeddable":true,"href":"https:\/\/pianosanders.com\/index.php?rest_route=\/wp\/v2\/media\/6230"}],"wp:attachment":[{"href":"https:\/\/pianosanders.com\/index.php?rest_route=%2Fwp%2Fv2%2Fmedia&parent=6234"}],"wp:term":[{"taxonomy":"pwb-brand","embeddable":true,"href":"https:\/\/pianosanders.com\/index.php?rest_route=%2Fwp%2Fv2%2Fpwb-brand&post=6234"},{"taxonomy":"product_cat","embeddable":true,"href":"https:\/\/pianosanders.com\/index.php?rest_route=%2Fwp%2Fv2%2Fproduct_cat&post=6234"},{"taxonomy":"product_tag","embeddable":true,"href":"https:\/\/pianosanders.com\/index.php?rest_route=%2Fwp%2Fv2%2Fproduct_tag&post=6234"}],"curies":[{"name":"wp","href":"https:\/\/api.w.org\/{rel}","templated":true}]}}